{"id":615,"date":"2025-05-27T23:19:52","date_gmt":"2025-05-27T21:19:52","guid":{"rendered":"https:\/\/seteho.es\/?post_type=product&#038;p=615"},"modified":"2025-05-27T23:24:03","modified_gmt":"2025-05-27T21:24:03","slug":"merlav-40","status":"publish","type":"product","link":"https:\/\/seteho.es\/en\/product\/merlav-40\/","title":{"rendered":"MERLAV 40"},"content":{"rendered":"","protected":false},"excerpt":{"rendered":"<p><span style=\"font-weight: 400;\">Easy to operate, thanks to the electromechanical control panel with luminous LEDs.<\/span><\/p>\n<p><span style=\"font-weight: 400;\">Built in stainless steel, very robust and durable.  Equipped with safety thermostat, non-return valve, safety micro switch on door opening and automatic rinse aid dispenser.<\/span><\/p>\n<p><span style=\"font-weight: 400;\">Quick and easy front access to electronic components. Lower and upper wash arms on 40 and 50 models, also optionally with drain pump.<\/span><\/p>\n<p><span style=\"font-weight: 400;\">DIMENSIONS:\u00a0\u00a0<\/span><\/p>\n<ul>\n<li><span style=\"font-weight: 400;\">model 40 .......  43.6\u00d753.5\u00d767 cms. Washing height 30 cms. Basket 39\u00d739<\/span><\/li>\n<\/ul>\n<p>&nbsp;<\/p>\n<p><span style=\"font-weight: 400;\">ASK FOR YOUR OFFER. SPECIAL WEB PRICES<\/span><\/p>","protected":false},"featured_media":590,"comment_status":"open","ping_status":"closed","template":"","meta":{"_joinchat":[]},"product_brand":[],"product_cat":[21],"product_tag":[],"class_list":{"0":"post-615","1":"product","2":"type-product","3":"status-publish","4":"has-post-thumbnail","6":"product_cat-lavado","8":"first","9":"instock","10":"shipping-taxable","11":"product-type-simple"},"yoast_head":"<!-- This site is optimized with the Yoast SEO plugin v27.2 - https:\/\/yoast.com\/product\/yoast-seo-wordpress\/ -->\n<title>MERLAV 40 - CMDC<\/title>\n<meta name=\"robots\" content=\"index, follow, max-snippet:-1, max-image-preview:large, max-video-preview:-1\" \/>\n<link rel=\"canonical\" href=\"https:\/\/seteho.es\/en\/product\/merlav-40\/\" \/>\n<meta property=\"og:locale\" content=\"en_GB\" \/>\n<meta property=\"og:type\" content=\"article\" \/>\n<meta property=\"og:title\" content=\"MERLAV 40 - CMDC\" \/>\n<meta property=\"og:description\" content=\"F\u00e1cil manejo, gracias a su panel de mandos electromec\u00e1nico con leds luminosos.  Construidos en acero inoxidable, gran robustez y durabilidad.\u00a0 Dotados de termostato de seguridad, v\u00e1lvula anti-retorno, micro de seguridad a la apertura de la puerta y dosificador autom\u00e1tico para abrillantador.  Acceso frontal a componentes electr\u00f3nicos de manera f\u00e1cil y r\u00e1pida. Brazos de lavado inferiores y superiores en los modelos 40 y 50, y tambi\u00e9n opci\u00f3n con bomba de desag\u00fce.  DIMENSIONES:\u00a0\u00a0   modelo 40\u00a0 \u2026\u2026.\u00a0 43.6x53.5x67 cms. Altura \u00fatil lavado 30 cms. Cesta 39x39  &nbsp;  SOLICITE SU OFERTA. PRECIOS ESPECIALES WEB\" \/>\n<meta property=\"og:url\" content=\"https:\/\/seteho.es\/en\/product\/merlav-40\/\" \/>\n<meta property=\"og:site_name\" content=\"CMDC\" \/>\n<meta property=\"article:modified_time\" content=\"2025-05-27T21:24:03+00:00\" \/>\n<meta property=\"og:image\" content=\"https:\/\/seteho.es\/wp-content\/uploads\/2025\/05\/LAVAPLATOS-MERLAV-40.png\" \/>\n\t<meta property=\"og:image:width\" content=\"500\" \/>\n\t<meta property=\"og:image:height\" content=\"493\" \/>\n\t<meta property=\"og:image:type\" content=\"image\/png\" \/>\n<meta name=\"twitter:card\" content=\"summary_large_image\" \/>\n<meta name=\"twitter:label1\" content=\"Estimated reading time\" \/>\n\t<meta name=\"twitter:data1\" content=\"1 minute\" \/>\n<script type=\"application\/ld+json\" class=\"yoast-schema-graph\">{\"@context\":\"https:\/\/schema.org\",\"@graph\":[{\"@type\":\"WebPage\",\"@id\":\"https:\/\/seteho.es\/product\/merlav-40\/\",\"url\":\"https:\/\/seteho.es\/product\/merlav-40\/\",\"name\":\"MERLAV 40 - CMDC\",\"isPartOf\":{\"@id\":\"https:\/\/seteho.es\/#website\"},\"primaryImageOfPage\":{\"@id\":\"https:\/\/seteho.es\/product\/merlav-40\/#primaryimage\"},\"image\":{\"@id\":\"https:\/\/seteho.es\/product\/merlav-40\/#primaryimage\"},\"thumbnailUrl\":\"https:\/\/seteho.es\/wp-content\/uploads\/2025\/05\/LAVAPLATOS-MERLAV-40.png\",\"datePublished\":\"2025-05-27T21:19:52+00:00\",\"dateModified\":\"2025-05-27T21:24:03+00:00\",\"breadcrumb\":{\"@id\":\"https:\/\/seteho.es\/product\/merlav-40\/#breadcrumb\"},\"inLanguage\":\"en-GB\",\"potentialAction\":[{\"@type\":\"ReadAction\",\"target\":[\"https:\/\/seteho.es\/product\/merlav-40\/\"]}]},{\"@type\":\"ImageObject\",\"inLanguage\":\"en-GB\",\"@id\":\"https:\/\/seteho.es\/product\/merlav-40\/#primaryimage\",\"url\":\"https:\/\/seteho.es\/wp-content\/uploads\/2025\/05\/LAVAPLATOS-MERLAV-40.png\",\"contentUrl\":\"https:\/\/seteho.es\/wp-content\/uploads\/2025\/05\/LAVAPLATOS-MERLAV-40.png\",\"width\":500,\"height\":493},{\"@type\":\"BreadcrumbList\",\"@id\":\"https:\/\/seteho.es\/product\/merlav-40\/#breadcrumb\",\"itemListElement\":[{\"@type\":\"ListItem\",\"position\":1,\"name\":\"Portada\",\"item\":\"https:\/\/seteho.es\/\"},{\"@type\":\"ListItem\",\"position\":2,\"name\":\"Tienda\",\"item\":\"https:\/\/seteho.es\/tienda\/\"},{\"@type\":\"ListItem\",\"position\":3,\"name\":\"MERLAV 40\"}]},{\"@type\":\"WebSite\",\"@id\":\"https:\/\/seteho.es\/#website\",\"url\":\"https:\/\/seteho.es\/\",\"name\":\"CMDC\",\"description\":\"\",\"potentialAction\":[{\"@type\":\"SearchAction\",\"target\":{\"@type\":\"EntryPoint\",\"urlTemplate\":\"https:\/\/seteho.es\/?s={search_term_string}\"},\"query-input\":{\"@type\":\"PropertyValueSpecification\",\"valueRequired\":true,\"valueName\":\"search_term_string\"}}],\"inLanguage\":\"en-GB\"}]}<\/script>\n<!-- \/ Yoast SEO plugin. -->","yoast_head_json":{"title":"MERLAV 40 - CMDC","robots":{"index":"index","follow":"follow","max-snippet":"max-snippet:-1","max-image-preview":"max-image-preview:large","max-video-preview":"max-video-preview:-1"},"canonical":"https:\/\/seteho.es\/en\/product\/merlav-40\/","og_locale":"en_GB","og_type":"article","og_title":"MERLAV 40 - CMDC","og_description":"F\u00e1cil manejo, gracias a su panel de mandos electromec\u00e1nico con leds luminosos.  Construidos en acero inoxidable, gran robustez y durabilidad.\u00a0 Dotados de termostato de seguridad, v\u00e1lvula anti-retorno, micro de seguridad a la apertura de la puerta y dosificador autom\u00e1tico para abrillantador.  Acceso frontal a componentes electr\u00f3nicos de manera f\u00e1cil y r\u00e1pida. Brazos de lavado inferiores y superiores en los modelos 40 y 50, y tambi\u00e9n opci\u00f3n con bomba de desag\u00fce.  DIMENSIONES:\u00a0\u00a0   modelo 40\u00a0 \u2026\u2026.\u00a0 43.6x53.5x67 cms. Altura \u00fatil lavado 30 cms. Cesta 39x39  &nbsp;  SOLICITE SU OFERTA. PRECIOS ESPECIALES WEB","og_url":"https:\/\/seteho.es\/en\/product\/merlav-40\/","og_site_name":"CMDC","article_modified_time":"2025-05-27T21:24:03+00:00","og_image":[{"width":500,"height":493,"url":"https:\/\/seteho.es\/wp-content\/uploads\/2025\/05\/LAVAPLATOS-MERLAV-40.png","type":"image\/png"}],"twitter_card":"summary_large_image","twitter_misc":{"Estimated reading time":"1 minute"},"schema":{"@context":"https:\/\/schema.org","@graph":[{"@type":"WebPage","@id":"https:\/\/seteho.es\/product\/merlav-40\/","url":"https:\/\/seteho.es\/product\/merlav-40\/","name":"MERLAV 40 - CMDC","isPartOf":{"@id":"https:\/\/seteho.es\/#website"},"primaryImageOfPage":{"@id":"https:\/\/seteho.es\/product\/merlav-40\/#primaryimage"},"image":{"@id":"https:\/\/seteho.es\/product\/merlav-40\/#primaryimage"},"thumbnailUrl":"https:\/\/seteho.es\/wp-content\/uploads\/2025\/05\/LAVAPLATOS-MERLAV-40.png","datePublished":"2025-05-27T21:19:52+00:00","dateModified":"2025-05-27T21:24:03+00:00","breadcrumb":{"@id":"https:\/\/seteho.es\/product\/merlav-40\/#breadcrumb"},"inLanguage":"en-GB","potentialAction":[{"@type":"ReadAction","target":["https:\/\/seteho.es\/product\/merlav-40\/"]}]},{"@type":"ImageObject","inLanguage":"en-GB","@id":"https:\/\/seteho.es\/product\/merlav-40\/#primaryimage","url":"https:\/\/seteho.es\/wp-content\/uploads\/2025\/05\/LAVAPLATOS-MERLAV-40.png","contentUrl":"https:\/\/seteho.es\/wp-content\/uploads\/2025\/05\/LAVAPLATOS-MERLAV-40.png","width":500,"height":493},{"@type":"BreadcrumbList","@id":"https:\/\/seteho.es\/product\/merlav-40\/#breadcrumb","itemListElement":[{"@type":"ListItem","position":1,"name":"Portada","item":"https:\/\/seteho.es\/"},{"@type":"ListItem","position":2,"name":"Tienda","item":"https:\/\/seteho.es\/tienda\/"},{"@type":"ListItem","position":3,"name":"MERLAV 40"}]},{"@type":"WebSite","@id":"https:\/\/seteho.es\/#website","url":"https:\/\/seteho.es\/","name":"CMDC","description":"","potentialAction":[{"@type":"SearchAction","target":{"@type":"EntryPoint","urlTemplate":"https:\/\/seteho.es\/?s={search_term_string}"},"query-input":{"@type":"PropertyValueSpecification","valueRequired":true,"valueName":"search_term_string"}}],"inLanguage":"en-GB"}]}},"_links":{"self":[{"href":"https:\/\/seteho.es\/en\/wp-json\/wp\/v2\/product\/615","targetHints":{"allow":["GET"]}}],"collection":[{"href":"https:\/\/seteho.es\/en\/wp-json\/wp\/v2\/product"}],"about":[{"href":"https:\/\/seteho.es\/en\/wp-json\/wp\/v2\/types\/product"}],"replies":[{"embeddable":true,"href":"https:\/\/seteho.es\/en\/wp-json\/wp\/v2\/comments?post=615"}],"wp:featuredmedia":[{"embeddable":true,"href":"https:\/\/seteho.es\/en\/wp-json\/wp\/v2\/media\/590"}],"wp:attachment":[{"href":"https:\/\/seteho.es\/en\/wp-json\/wp\/v2\/media?parent=615"}],"wp:term":[{"taxonomy":"product_brand","embeddable":true,"href":"https:\/\/seteho.es\/en\/wp-json\/wp\/v2\/product_brand?post=615"},{"taxonomy":"product_cat","embeddable":true,"href":"https:\/\/seteho.es\/en\/wp-json\/wp\/v2\/product_cat?post=615"},{"taxonomy":"product_tag","embeddable":true,"href":"https:\/\/seteho.es\/en\/wp-json\/wp\/v2\/product_tag?post=615"}],"curies":[{"name":"wp","href":"https:\/\/api.w.org\/{rel}","templated":true}]}}