{"id":355,"date":"2025-05-27T09:45:29","date_gmt":"2025-05-27T07:45:29","guid":{"rendered":"https:\/\/seteho.es\/?page_id=355"},"modified":"2025-05-27T20:02:05","modified_gmt":"2025-05-27T18:02:05","slug":"promociones","status":"publish","type":"page","link":"https:\/\/seteho.es\/en\/promociones\/","title":{"rendered":"Promotions"},"content":{"rendered":"<div data-elementor-type=\"wp-page\" data-elementor-id=\"355\" class=\"elementor elementor-355\" data-elementor-post-type=\"page\">\n\t\t\t\t<div class=\"elementor-element elementor-element-53626ee e-flex e-con-boxed e-con e-parent\" data-id=\"53626ee\" data-element_type=\"container\" data-e-type=\"container\" data-settings=\"{&quot;background_background&quot;:&quot;classic&quot;}\">\n\t\t\t\t\t<div class=\"e-con-inner\">\n\t\t<div class=\"elementor-element elementor-element-7667dda e-con-full e-flex e-con e-child\" data-id=\"7667dda\" data-element_type=\"container\" data-e-type=\"container\">\n\t\t\t\t<\/div>\n\t\t\t\t\t<\/div>\n\t\t\t\t<\/div>\n\t\t<div class=\"elementor-element elementor-element-263702b e-flex e-con-boxed e-con e-parent\" data-id=\"263702b\" data-element_type=\"container\" data-e-type=\"container\">\n\t\t\t\t\t<div class=\"e-con-inner\">\n\t\t<div class=\"elementor-element elementor-element-b480a84 e-con-full e-flex e-con e-child\" data-id=\"b480a84\" data-element_type=\"container\" data-e-type=\"container\">\n\t\t<div class=\"elementor-element elementor-element-0c946f3 e-con-full e-flex e-con e-child\" data-id=\"0c946f3\" data-element_type=\"container\" data-e-type=\"container\">\n\t\t\t\t<div class=\"elementor-element elementor-element-7280bee elementor-widget elementor-widget-image\" data-id=\"7280bee\" data-element_type=\"widget\" data-e-type=\"widget\" data-widget_type=\"image.default\">\n\t\t\t\t<div class=\"elementor-widget-container\">\n\t\t\t\t\t\t\t\t\t\t\t\t\t\t\t<img fetchpriority=\"high\" decoding=\"async\" width=\"800\" height=\"571\" src=\"https:\/\/seteho.es\/wp-content\/uploads\/2025\/05\/vista-frontal-de-la-cocina-profesional-1024x731.jpg\" class=\"attachment-large size-large wp-image-599\" alt=\"\" srcset=\"https:\/\/seteho.es\/wp-content\/uploads\/2025\/05\/vista-frontal-de-la-cocina-profesional-1024x731.jpg 1024w, https:\/\/seteho.es\/wp-content\/uploads\/2025\/05\/vista-frontal-de-la-cocina-profesional-300x214.jpg 300w, https:\/\/seteho.es\/wp-content\/uploads\/2025\/05\/vista-frontal-de-la-cocina-profesional-768x549.jpg 768w, https:\/\/seteho.es\/wp-content\/uploads\/2025\/05\/vista-frontal-de-la-cocina-profesional-1536x1097.jpg 1536w, https:\/\/seteho.es\/wp-content\/uploads\/2025\/05\/vista-frontal-de-la-cocina-profesional-2048x1463.jpg 2048w, https:\/\/seteho.es\/wp-content\/uploads\/2025\/05\/vista-frontal-de-la-cocina-profesional-600x429.jpg 600w\" sizes=\"(max-width: 800px) 100vw, 800px\" \/>\t\t\t\t\t\t\t\t\t\t\t\t\t\t\t<\/div>\n\t\t\t\t<\/div>\n\t\t\t\t<\/div>\n\t\t<div class=\"elementor-element elementor-element-800ce56 e-con-full e-flex e-con e-child\" data-id=\"800ce56\" data-element_type=\"container\" data-e-type=\"container\">\n\t\t\t\t<div class=\"elementor-element elementor-element-f7b713d elementor-widget elementor-widget-text-editor\" data-id=\"f7b713d\" data-element_type=\"widget\" data-e-type=\"widget\" data-widget_type=\"text-editor.default\">\n\t\t\t\t<div class=\"elementor-widget-container\">\n\t\t\t\t\t\t\t\t\t<p data-start=\"91\" data-end=\"346\">Take advantage of our special offers on catering equipment and technical services, designed to help you optimise your investment. We have high quality products and expert maintenance, all at exclusive prices and for a limited time.<\/p><p data-start=\"348\" data-end=\"569\">Don't miss this opportunity to renew or repair your equipment with unique discounts to suit your needs. Contact us today and find out how we can boost the performance and efficiency of your business.<\/p>\t\t\t\t\t\t\t\t<\/div>\n\t\t\t\t<\/div>\n\t\t\t\t<div class=\"elementor-element elementor-element-9198865 elementor-icon-list--layout-traditional elementor-list-item-link-full_width elementor-widget elementor-widget-icon-list\" data-id=\"9198865\" data-element_type=\"widget\" data-e-type=\"widget\" data-widget_type=\"icon-list.default\">\n\t\t\t\t<div class=\"elementor-widget-container\">\n\t\t\t\t\t\t\t<ul class=\"elementor-icon-list-items\">\n\t\t\t\t\t\t\t<li class=\"elementor-icon-list-item\">\n\t\t\t\t\t\t\t\t\t\t\t<span class=\"elementor-icon-list-icon\">\n\t\t\t\t\t\t\t<svg aria-hidden=\"true\" class=\"e-font-icon-svg e-fas-check-circle\" viewbox=\"0 0 512 512\" xmlns=\"http:\/\/www.w3.org\/2000\/svg\"><path d=\"M504 256c0 136.967-111.033 248-248 248S8 392.967 8 256 119.033 8 256 8s248 111.033 248 248zM227.314 387.314l184-184c6.248-6.248 6.248-16.379 0-22.627l-22.627-22.627c-6.248-6.249-16.379-6.249-22.628 0L216 308.118l-70.059-70.059c-6.248-6.248-16.379-6.248-22.628 0l-22.627 22.627c-6.248 6.248-6.248 16.379 0 22.627l104 104c6.249 6.249 16.379 6.249 22.628.001z\"><\/path><\/svg>\t\t\t\t\t\t<\/span>\n\t\t\t\t\t\t\t\t\t\t<span class=\"elementor-icon-list-text\">Guaranteed quality for durability and performance.<\/span>\n\t\t\t\t\t\t\t\t\t<\/li>\n\t\t\t\t\t\t\t\t<li class=\"elementor-icon-list-item\">\n\t\t\t\t\t\t\t\t\t\t\t<span class=\"elementor-icon-list-icon\">\n\t\t\t\t\t\t\t<svg aria-hidden=\"true\" class=\"e-font-icon-svg e-fas-check-circle\" viewbox=\"0 0 512 512\" xmlns=\"http:\/\/www.w3.org\/2000\/svg\"><path d=\"M504 256c0 136.967-111.033 248-248 248S8 392.967 8 256 119.033 8 256 8s248 111.033 248 248zM227.314 387.314l184-184c6.248-6.248 6.248-16.379 0-22.627l-22.627-22.627c-6.248-6.249-16.379-6.249-22.628 0L216 308.118l-70.059-70.059c-6.248-6.248-16.379-6.248-22.628 0l-22.627 22.627c-6.248 6.248-6.248 16.379 0 22.627l104 104c6.249 6.249 16.379 6.249 22.628.001z\"><\/path><\/svg>\t\t\t\t\t\t<\/span>\n\t\t\t\t\t\t\t\t\t\t<span class=\"elementor-icon-list-text\">Smart savings with prices that are easy on your budget.<\/span>\n\t\t\t\t\t\t\t\t\t<\/li>\n\t\t\t\t\t\t\t\t<li class=\"elementor-icon-list-item\">\n\t\t\t\t\t\t\t\t\t\t\t<span class=\"elementor-icon-list-icon\">\n\t\t\t\t\t\t\t<svg aria-hidden=\"true\" class=\"e-font-icon-svg e-fas-check-circle\" viewbox=\"0 0 512 512\" xmlns=\"http:\/\/www.w3.org\/2000\/svg\"><path d=\"M504 256c0 136.967-111.033 248-248 248S8 392.967 8 256 119.033 8 256 8s248 111.033 248 248zM227.314 387.314l184-184c6.248-6.248 6.248-16.379 0-22.627l-22.627-22.627c-6.248-6.249-16.379-6.249-22.628 0L216 308.118l-70.059-70.059c-6.248-6.248-16.379-6.248-22.628 0l-22.627 22.627c-6.248 6.248-6.248 16.379 0 22.627l104 104c6.249 6.249 16.379 6.249 22.628.001z\"><\/path><\/svg>\t\t\t\t\t\t<\/span>\n\t\t\t\t\t\t\t\t\t\t<span class=\"elementor-icon-list-text\">Expert support and advice to protect your investment.<\/span>\n\t\t\t\t\t\t\t\t\t<\/li>\n\t\t\t\t\t\t<\/ul>\n\t\t\t\t\t\t<\/div>\n\t\t\t\t<\/div>\n\t\t\t\t<\/div>\n\t\t\t\t<\/div>\n\t\t\t\t\t<\/div>\n\t\t\t\t<\/div>\n\t\t<div class=\"elementor-element elementor-element-aeaff08 e-flex e-con-boxed e-con e-parent\" data-id=\"aeaff08\" data-element_type=\"container\" data-e-type=\"container\">\n\t\t\t\t\t<div class=\"e-con-inner\">\n\t\t\t\t<div class=\"elementor-element elementor-element-83e5a04 elementor-product-loop-item--align-center elementor-grid-4 elementor-grid-tablet-3 elementor-grid-mobile-2 elementor-products-grid elementor-wc-products elementor-widget elementor-widget-woocommerce-products\" data-id=\"83e5a04\" data-element_type=\"widget\" data-e-type=\"widget\" data-widget_type=\"woocommerce-products.default\">\n\t\t\t\t<div class=\"elementor-widget-container\">\n\t\t\t\t\t<div class=\"woocommerce columns-4\"><ul class=\"products elementor-grid columns-4\">\n<li class=\"product type-product post-620 status-publish first instock product_cat-maquinaria-auxiliar has-post-thumbnail shipping-taxable product-type-simple\">\n\t<a href=\"https:\/\/seteho.es\/en\/product\/tostadores-mertost-2\/\" class=\"woocommerce-LoopProduct-link woocommerce-loop-product__link\"><img decoding=\"async\" width=\"300\" height=\"300\" src=\"https:\/\/seteho.es\/wp-content\/uploads\/2025\/05\/TOSTADORA-MERTOST-2-300x300.png\" class=\"attachment-woocommerce_thumbnail size-woocommerce_thumbnail\" alt=\"TOSTADORES MERTOST 2\" srcset=\"https:\/\/seteho.es\/wp-content\/uploads\/2025\/05\/TOSTADORA-MERTOST-2-300x300.png 300w, https:\/\/seteho.es\/wp-content\/uploads\/2025\/05\/TOSTADORA-MERTOST-2-150x150.png 150w, https:\/\/seteho.es\/wp-content\/uploads\/2025\/05\/TOSTADORA-MERTOST-2-100x100.png 100w\" sizes=\"(max-width: 300px) 100vw, 300px\" \/><h2 class=\"woocommerce-loop-product__title\">MERTOST TOASTERS 2<\/h2>\n<\/a><a href=\"https:\/\/seteho.es\/en\/product\/tostadores-mertost-2\/\" aria-describedby=\"woocommerce_loop_add_to_cart_link_describedby_620\" data-quantity=\"1\" class=\"button product_type_simple\" data-product_id=\"620\" data-product_sku=\"\" aria-label=\"Read more about \u201cTOSTADORES MERTOST 2\u201d\" rel=\"nofollow\" data-success_message=\"\" data-no-translation=\"\" data-trp-gettext=\"\" data-no-translation-aria-label=\"\">Read more<\/a>\t<span id=\"woocommerce_loop_add_to_cart_link_describedby_620\" class=\"screen-reader-text\">\n\t\t\t<\/span>\n<\/li>\n<li class=\"product type-product post-619 status-publish instock product_cat-maquinaria-auxiliar has-post-thumbnail shipping-taxable product-type-simple\">\n\t<a href=\"https:\/\/seteho.es\/en\/product\/tostadores-mertost-1\/\" class=\"woocommerce-LoopProduct-link woocommerce-loop-product__link\"><img decoding=\"async\" width=\"300\" height=\"300\" src=\"https:\/\/seteho.es\/wp-content\/uploads\/2025\/05\/TOSTADORA-MERTOST-1-300x300.png\" class=\"attachment-woocommerce_thumbnail size-woocommerce_thumbnail\" alt=\"TOSTADORES MERTOST 1\" srcset=\"https:\/\/seteho.es\/wp-content\/uploads\/2025\/05\/TOSTADORA-MERTOST-1-300x300.png 300w, https:\/\/seteho.es\/wp-content\/uploads\/2025\/05\/TOSTADORA-MERTOST-1-150x150.png 150w, https:\/\/seteho.es\/wp-content\/uploads\/2025\/05\/TOSTADORA-MERTOST-1-100x100.png 100w\" sizes=\"(max-width: 300px) 100vw, 300px\" \/><h2 class=\"woocommerce-loop-product__title\">MERTOST TOASTERS 1<\/h2>\n<\/a><a href=\"https:\/\/seteho.es\/en\/product\/tostadores-mertost-1\/\" aria-describedby=\"woocommerce_loop_add_to_cart_link_describedby_619\" data-quantity=\"1\" class=\"button product_type_simple\" data-product_id=\"619\" data-product_sku=\"\" aria-label=\"Read more about \u201cTOSTADORES MERTOST 1\u201d\" rel=\"nofollow\" data-success_message=\"\" data-no-translation=\"\" data-trp-gettext=\"\" data-no-translation-aria-label=\"\">Read more<\/a>\t<span id=\"woocommerce_loop_add_to_cart_link_describedby_619\" class=\"screen-reader-text\">\n\t\t\t<\/span>\n<\/li>\n<li class=\"product type-product post-618 status-publish instock product_cat-lavado shipping-taxable product-type-simple\">\n\t<a href=\"https:\/\/seteho.es\/en\/product\/merlav-50\/\" class=\"woocommerce-LoopProduct-link woocommerce-loop-product__link\"><img loading=\"lazy\" decoding=\"async\" width=\"300\" height=\"300\" src=\"https:\/\/seteho.es\/wp-content\/uploads\/woocommerce-placeholder.png\" class=\"woocommerce-placeholder wp-post-image\" alt=\"Placeholder\" srcset=\"https:\/\/seteho.es\/wp-content\/uploads\/woocommerce-placeholder.png 1200w, https:\/\/seteho.es\/wp-content\/uploads\/woocommerce-placeholder-300x300.png 300w, https:\/\/seteho.es\/wp-content\/uploads\/woocommerce-placeholder-1024x1024.png 1024w, https:\/\/seteho.es\/wp-content\/uploads\/woocommerce-placeholder-150x150.png 150w, https:\/\/seteho.es\/wp-content\/uploads\/woocommerce-placeholder-768x768.png 768w\" sizes=\"(max-width: 300px) 100vw, 300px\" data-no-translation-alt=\"\" \/><h2 class=\"woocommerce-loop-product__title\">MERLAV 50<\/h2>\n<\/a><a href=\"https:\/\/seteho.es\/en\/product\/merlav-50\/\" aria-describedby=\"woocommerce_loop_add_to_cart_link_describedby_618\" data-quantity=\"1\" class=\"button product_type_simple\" data-product_id=\"618\" data-product_sku=\"\" aria-label=\"Read more about \u201cMERLAV 50\u201d\" rel=\"nofollow\" data-success_message=\"\" data-no-translation=\"\" data-trp-gettext=\"\" data-no-translation-aria-label=\"\">Read more<\/a>\t<span id=\"woocommerce_loop_add_to_cart_link_describedby_618\" class=\"screen-reader-text\">\n\t\t\t<\/span>\n<\/li>\n<li class=\"product type-product post-616 status-publish last instock product_cat-lavado has-post-thumbnail shipping-taxable product-type-simple\">\n\t<a href=\"https:\/\/seteho.es\/en\/product\/merlav-35\/\" class=\"woocommerce-LoopProduct-link woocommerce-loop-product__link\"><img loading=\"lazy\" decoding=\"async\" width=\"300\" height=\"300\" src=\"https:\/\/seteho.es\/wp-content\/uploads\/2025\/05\/LAVAPLATOS-MERLAV-35-1-300x300.png\" class=\"attachment-woocommerce_thumbnail size-woocommerce_thumbnail\" alt=\"MERLAV 35\" srcset=\"https:\/\/seteho.es\/wp-content\/uploads\/2025\/05\/LAVAPLATOS-MERLAV-35-1-300x300.png 300w, https:\/\/seteho.es\/wp-content\/uploads\/2025\/05\/LAVAPLATOS-MERLAV-35-1-150x150.png 150w, https:\/\/seteho.es\/wp-content\/uploads\/2025\/05\/LAVAPLATOS-MERLAV-35-1-100x100.png 100w\" sizes=\"(max-width: 300px) 100vw, 300px\" \/><h2 class=\"woocommerce-loop-product__title\">MERLAV 35<\/h2>\n<\/a><a href=\"https:\/\/seteho.es\/en\/product\/merlav-35\/\" aria-describedby=\"woocommerce_loop_add_to_cart_link_describedby_616\" data-quantity=\"1\" class=\"button product_type_simple\" data-product_id=\"616\" data-product_sku=\"\" aria-label=\"Read more about \u201cMERLAV 35\u201d\" rel=\"nofollow\" data-success_message=\"\" data-no-translation=\"\" data-trp-gettext=\"\" data-no-translation-aria-label=\"\">Read more<\/a>\t<span id=\"woocommerce_loop_add_to_cart_link_describedby_616\" class=\"screen-reader-text\">\n\t\t\t<\/span>\n<\/li>\n<li class=\"product type-product post-615 status-publish first instock product_cat-lavado has-post-thumbnail shipping-taxable product-type-simple\">\n\t<a href=\"https:\/\/seteho.es\/en\/product\/merlav-40\/\" class=\"woocommerce-LoopProduct-link woocommerce-loop-product__link\"><img loading=\"lazy\" decoding=\"async\" width=\"300\" height=\"300\" src=\"https:\/\/seteho.es\/wp-content\/uploads\/2025\/05\/LAVAPLATOS-MERLAV-40-300x300.png\" class=\"attachment-woocommerce_thumbnail size-woocommerce_thumbnail\" alt=\"MERLAV 40\" srcset=\"https:\/\/seteho.es\/wp-content\/uploads\/2025\/05\/LAVAPLATOS-MERLAV-40-300x300.png 300w, https:\/\/seteho.es\/wp-content\/uploads\/2025\/05\/LAVAPLATOS-MERLAV-40-150x150.png 150w, https:\/\/seteho.es\/wp-content\/uploads\/2025\/05\/LAVAPLATOS-MERLAV-40-100x100.png 100w\" sizes=\"(max-width: 300px) 100vw, 300px\" \/><h2 class=\"woocommerce-loop-product__title\">MERLAV 40<\/h2>\n<\/a><a href=\"https:\/\/seteho.es\/en\/product\/merlav-40\/\" aria-describedby=\"woocommerce_loop_add_to_cart_link_describedby_615\" data-quantity=\"1\" class=\"button product_type_simple\" data-product_id=\"615\" data-product_sku=\"\" aria-label=\"Read more about \u201cMERLAV 40\u201d\" rel=\"nofollow\" data-success_message=\"\" data-no-translation=\"\" data-trp-gettext=\"\" data-no-translation-aria-label=\"\">Read more<\/a>\t<span id=\"woocommerce_loop_add_to_cart_link_describedby_615\" class=\"screen-reader-text\">\n\t\t\t<\/span>\n<\/li>\n<li class=\"product type-product post-375 status-publish instock product_cat-lavado has-post-thumbnail shipping-taxable purchasable product-type-simple\">\n\t<a href=\"https:\/\/seteho.es\/en\/product\/lavavaplatos-cupula\/\" class=\"woocommerce-LoopProduct-link woocommerce-loop-product__link\"><img loading=\"lazy\" decoding=\"async\" width=\"300\" height=\"300\" src=\"https:\/\/seteho.es\/wp-content\/uploads\/2025\/05\/imagen_2025-05-27_025726056-300x300.png\" class=\"attachment-woocommerce_thumbnail size-woocommerce_thumbnail\" alt=\"Lavavaplatos Cupula\" srcset=\"https:\/\/seteho.es\/wp-content\/uploads\/2025\/05\/imagen_2025-05-27_025726056-300x300.png 300w, https:\/\/seteho.es\/wp-content\/uploads\/2025\/05\/imagen_2025-05-27_025726056-150x150.png 150w, https:\/\/seteho.es\/wp-content\/uploads\/2025\/05\/imagen_2025-05-27_025726056-100x100.png 100w\" sizes=\"(max-width: 300px) 100vw, 300px\" \/><h2 class=\"woocommerce-loop-product__title\">Dishwasher Cupola<\/h2>\n\t<span class=\"price\"><span class=\"woocommerce-Price-amount amount\"><bdi>2.850,00&nbsp;<span class=\"woocommerce-Price-currencySymbol\">\u20ac<\/span><\/bdi><\/span><\/span>\n<\/a><a href=\"\/en\/wp-json\/wp\/v2\/pages\/355?add-to-cart=375\" aria-describedby=\"woocommerce_loop_add_to_cart_link_describedby_375\" data-quantity=\"1\" class=\"button product_type_simple add_to_cart_button ajax_add_to_cart\" data-product_id=\"375\" data-product_sku=\"\" aria-label=\"Add to basket: \u201cLavavaplatos Cupula\u201d\" rel=\"nofollow\" data-success_message=\"\u201cLavavaplatos Cupula\u201d has been added to your cart\" role=\"button\" data-no-translation=\"\" data-trp-gettext=\"\" data-no-translation-aria-label=\"\" data-no-translation-data-success_message=\"\">Add to basket<\/a>\t<span id=\"woocommerce_loop_add_to_cart_link_describedby_375\" class=\"screen-reader-text\">\n\t\t\t<\/span>\n<\/li>\n<\/ul>\n<\/div>\t\t\t\t<\/div>\n\t\t\t\t<\/div>\n\t\t\t\t\t<\/div>\n\t\t\t\t<\/div>\n\t\t\t\t<\/div>","protected":false},"excerpt":{"rendered":"<p>Aprovecha nuestras ofertas especiales en maquinaria y servicios t\u00e9cnicos para hosteler\u00eda, dise\u00f1adas para ayudarte a optimizar tu inversi\u00f3n. Contamos con productos de alta calidad y un mantenimiento experto, todo a precios exclusivos y por tiempo limitado. No dejes pasar esta oportunidad para renovar o reparar tu equipo con descuentos \u00fanicos que se adaptan a tus [&hellip;]<\/p>\n","protected":false},"author":7,"featured_media":0,"parent":0,"menu_order":0,"comment_status":"closed","ping_status":"closed","template":"elementor_header_footer","meta":{"_joinchat":[],"footnotes":""},"class_list":["post-355","page","type-page","status-publish","hentry"],"yoast_head":"<!-- This site is optimized with the Yoast SEO plugin v27.2 - https:\/\/yoast.com\/product\/yoast-seo-wordpress\/ -->\n<title>Promociones - CMDC<\/title>\n<meta name=\"robots\" content=\"index, follow, max-snippet:-1, max-image-preview:large, max-video-preview:-1\" \/>\n<link rel=\"canonical\" href=\"https:\/\/seteho.es\/en\/promociones\/\" \/>\n<meta property=\"og:locale\" content=\"en_GB\" \/>\n<meta property=\"og:type\" content=\"article\" \/>\n<meta property=\"og:title\" content=\"Promociones - CMDC\" \/>\n<meta property=\"og:description\" content=\"Aprovecha nuestras ofertas especiales en maquinaria y servicios t\u00e9cnicos para hosteler\u00eda, dise\u00f1adas para ayudarte a optimizar tu inversi\u00f3n. Contamos con productos de alta calidad y un mantenimiento experto, todo a precios exclusivos y por tiempo limitado. No dejes pasar esta oportunidad para renovar o reparar tu equipo con descuentos \u00fanicos que se adaptan a tus [&hellip;]\" \/>\n<meta property=\"og:url\" content=\"https:\/\/seteho.es\/en\/promociones\/\" \/>\n<meta property=\"og:site_name\" content=\"CMDC\" \/>\n<meta property=\"article:modified_time\" content=\"2025-05-27T18:02:05+00:00\" \/>\n<meta property=\"og:image\" content=\"https:\/\/seteho.es\/wp-content\/uploads\/2025\/05\/vista-frontal-de-la-cocina-profesional-scaled.jpg\" \/>\n\t<meta property=\"og:image:width\" content=\"2560\" \/>\n\t<meta property=\"og:image:height\" content=\"1829\" \/>\n\t<meta property=\"og:image:type\" content=\"image\/jpeg\" \/>\n<meta name=\"twitter:card\" content=\"summary_large_image\" \/>\n<meta name=\"twitter:label1\" content=\"Estimated reading time\" \/>\n\t<meta name=\"twitter:data1\" content=\"2 minutes\" \/>\n<script type=\"application\/ld+json\" class=\"yoast-schema-graph\">{\"@context\":\"https:\/\/schema.org\",\"@graph\":[{\"@type\":\"WebPage\",\"@id\":\"https:\/\/seteho.es\/promociones\/\",\"url\":\"https:\/\/seteho.es\/promociones\/\",\"name\":\"Promociones - CMDC\",\"isPartOf\":{\"@id\":\"https:\/\/seteho.es\/#website\"},\"primaryImageOfPage\":{\"@id\":\"https:\/\/seteho.es\/promociones\/#primaryimage\"},\"image\":{\"@id\":\"https:\/\/seteho.es\/promociones\/#primaryimage\"},\"thumbnailUrl\":\"https:\/\/seteho.es\/wp-content\/uploads\/2025\/05\/vista-frontal-de-la-cocina-profesional-1024x731.jpg\",\"datePublished\":\"2025-05-27T07:45:29+00:00\",\"dateModified\":\"2025-05-27T18:02:05+00:00\",\"breadcrumb\":{\"@id\":\"https:\/\/seteho.es\/promociones\/#breadcrumb\"},\"inLanguage\":\"en-GB\",\"potentialAction\":[{\"@type\":\"ReadAction\",\"target\":[\"https:\/\/seteho.es\/promociones\/\"]}]},{\"@type\":\"ImageObject\",\"inLanguage\":\"en-GB\",\"@id\":\"https:\/\/seteho.es\/promociones\/#primaryimage\",\"url\":\"https:\/\/seteho.es\/wp-content\/uploads\/2025\/05\/vista-frontal-de-la-cocina-profesional-1024x731.jpg\",\"contentUrl\":\"https:\/\/seteho.es\/wp-content\/uploads\/2025\/05\/vista-frontal-de-la-cocina-profesional-1024x731.jpg\"},{\"@type\":\"BreadcrumbList\",\"@id\":\"https:\/\/seteho.es\/promociones\/#breadcrumb\",\"itemListElement\":[{\"@type\":\"ListItem\",\"position\":1,\"name\":\"Portada\",\"item\":\"https:\/\/seteho.es\/\"},{\"@type\":\"ListItem\",\"position\":2,\"name\":\"Promociones\"}]},{\"@type\":\"WebSite\",\"@id\":\"https:\/\/seteho.es\/#website\",\"url\":\"https:\/\/seteho.es\/\",\"name\":\"CMDC\",\"description\":\"\",\"potentialAction\":[{\"@type\":\"SearchAction\",\"target\":{\"@type\":\"EntryPoint\",\"urlTemplate\":\"https:\/\/seteho.es\/?s={search_term_string}\"},\"query-input\":{\"@type\":\"PropertyValueSpecification\",\"valueRequired\":true,\"valueName\":\"search_term_string\"}}],\"inLanguage\":\"en-GB\"}]}<\/script>\n<!-- \/ Yoast SEO plugin. -->","yoast_head_json":{"title":"Promociones - CMDC","robots":{"index":"index","follow":"follow","max-snippet":"max-snippet:-1","max-image-preview":"max-image-preview:large","max-video-preview":"max-video-preview:-1"},"canonical":"https:\/\/seteho.es\/en\/promociones\/","og_locale":"en_GB","og_type":"article","og_title":"Promociones - CMDC","og_description":"Aprovecha nuestras ofertas especiales en maquinaria y servicios t\u00e9cnicos para hosteler\u00eda, dise\u00f1adas para ayudarte a optimizar tu inversi\u00f3n. Contamos con productos de alta calidad y un mantenimiento experto, todo a precios exclusivos y por tiempo limitado. No dejes pasar esta oportunidad para renovar o reparar tu equipo con descuentos \u00fanicos que se adaptan a tus [&hellip;]","og_url":"https:\/\/seteho.es\/en\/promociones\/","og_site_name":"CMDC","article_modified_time":"2025-05-27T18:02:05+00:00","og_image":[{"width":2560,"height":1829,"url":"https:\/\/seteho.es\/wp-content\/uploads\/2025\/05\/vista-frontal-de-la-cocina-profesional-scaled.jpg","type":"image\/jpeg"}],"twitter_card":"summary_large_image","twitter_misc":{"Estimated reading time":"2 minutes"},"schema":{"@context":"https:\/\/schema.org","@graph":[{"@type":"WebPage","@id":"https:\/\/seteho.es\/promociones\/","url":"https:\/\/seteho.es\/promociones\/","name":"Promociones - CMDC","isPartOf":{"@id":"https:\/\/seteho.es\/#website"},"primaryImageOfPage":{"@id":"https:\/\/seteho.es\/promociones\/#primaryimage"},"image":{"@id":"https:\/\/seteho.es\/promociones\/#primaryimage"},"thumbnailUrl":"https:\/\/seteho.es\/wp-content\/uploads\/2025\/05\/vista-frontal-de-la-cocina-profesional-1024x731.jpg","datePublished":"2025-05-27T07:45:29+00:00","dateModified":"2025-05-27T18:02:05+00:00","breadcrumb":{"@id":"https:\/\/seteho.es\/promociones\/#breadcrumb"},"inLanguage":"en-GB","potentialAction":[{"@type":"ReadAction","target":["https:\/\/seteho.es\/promociones\/"]}]},{"@type":"ImageObject","inLanguage":"en-GB","@id":"https:\/\/seteho.es\/promociones\/#primaryimage","url":"https:\/\/seteho.es\/wp-content\/uploads\/2025\/05\/vista-frontal-de-la-cocina-profesional-1024x731.jpg","contentUrl":"https:\/\/seteho.es\/wp-content\/uploads\/2025\/05\/vista-frontal-de-la-cocina-profesional-1024x731.jpg"},{"@type":"BreadcrumbList","@id":"https:\/\/seteho.es\/promociones\/#breadcrumb","itemListElement":[{"@type":"ListItem","position":1,"name":"Portada","item":"https:\/\/seteho.es\/"},{"@type":"ListItem","position":2,"name":"Promociones"}]},{"@type":"WebSite","@id":"https:\/\/seteho.es\/#website","url":"https:\/\/seteho.es\/","name":"CMDC","description":"","potentialAction":[{"@type":"SearchAction","target":{"@type":"EntryPoint","urlTemplate":"https:\/\/seteho.es\/?s={search_term_string}"},"query-input":{"@type":"PropertyValueSpecification","valueRequired":true,"valueName":"search_term_string"}}],"inLanguage":"en-GB"}]}},"_hostinger_reach_plugin_has_subscription_block":false,"_hostinger_reach_plugin_is_elementor":false,"_links":{"self":[{"href":"https:\/\/seteho.es\/en\/wp-json\/wp\/v2\/pages\/355","targetHints":{"allow":["GET"]}}],"collection":[{"href":"https:\/\/seteho.es\/en\/wp-json\/wp\/v2\/pages"}],"about":[{"href":"https:\/\/seteho.es\/en\/wp-json\/wp\/v2\/types\/page"}],"author":[{"embeddable":true,"href":"https:\/\/seteho.es\/en\/wp-json\/wp\/v2\/users\/7"}],"replies":[{"embeddable":true,"href":"https:\/\/seteho.es\/en\/wp-json\/wp\/v2\/comments?post=355"}],"version-history":[{"count":22,"href":"https:\/\/seteho.es\/en\/wp-json\/wp\/v2\/pages\/355\/revisions"}],"predecessor-version":[{"id":602,"href":"https:\/\/seteho.es\/en\/wp-json\/wp\/v2\/pages\/355\/revisions\/602"}],"wp:attachment":[{"href":"https:\/\/seteho.es\/en\/wp-json\/wp\/v2\/media?parent=355"}],"curies":[{"name":"wp","href":"https:\/\/api.w.org\/{rel}","templated":true}]}}