{"id":354,"date":"2025-05-27T09:45:24","date_gmt":"2025-05-27T07:45:24","guid":{"rendered":"https:\/\/seteho.es\/?page_id=354"},"modified":"2025-06-03T10:30:44","modified_gmt":"2025-06-03T08:30:44","slug":"reformas-integrales","status":"publish","type":"page","link":"https:\/\/seteho.es\/en\/reformas-integrales\/","title":{"rendered":"Integral reforms"},"content":{"rendered":"\t\t<div data-elementor-type=\"wp-page\" data-elementor-id=\"354\" class=\"elementor elementor-354\" data-elementor-post-type=\"page\">\n\t\t\t\t<div class=\"elementor-element elementor-element-6b2e7f8 e-flex e-con-boxed e-con e-parent\" data-id=\"6b2e7f8\" data-element_type=\"container\" data-e-type=\"container\" data-settings=\"{&quot;background_background&quot;:&quot;classic&quot;}\">\n\t\t\t\t\t<div class=\"e-con-inner\">\n\t\t<div class=\"elementor-element elementor-element-ddb7c2e e-con-full e-flex e-con e-child\" data-id=\"ddb7c2e\" data-element_type=\"container\" data-e-type=\"container\">\n\t\t\t\t<\/div>\n\t\t\t\t\t<\/div>\n\t\t\t\t<\/div>\n\t\t<div class=\"elementor-element elementor-element-cd964d0 e-flex e-con-boxed e-con e-parent\" data-id=\"cd964d0\" data-element_type=\"container\" data-e-type=\"container\">\n\t\t\t\t\t<div class=\"e-con-inner\">\n\t\t<div class=\"elementor-element elementor-element-f93b4a3 e-con-full e-flex e-con e-child\" data-id=\"f93b4a3\" data-element_type=\"container\" data-e-type=\"container\">\n\t\t\t\t<div class=\"elementor-element elementor-element-ebed88b elementor-widget elementor-widget-image\" data-id=\"ebed88b\" data-element_type=\"widget\" data-e-type=\"widget\" data-widget_type=\"image.default\">\n\t\t\t\t<div class=\"elementor-widget-container\">\n\t\t\t\t\t\t\t\t\t\t\t\t\t\t\t<img decoding=\"async\" src=\"https:\/\/seteho.es\/wp-content\/uploads\/2025\/05\/services-detail-image.jpg\" title=\"\" alt=\"\" loading=\"lazy\" \/>\t\t\t\t\t\t\t\t\t\t\t\t\t\t\t<\/div>\n\t\t\t\t<\/div>\n\t\t\t\t<div class=\"elementor-element elementor-element-d6f7bee elementor-widget elementor-widget-text-editor\" data-id=\"d6f7bee\" data-element_type=\"widget\" data-e-type=\"widget\" data-widget_type=\"text-editor.default\">\n\t\t\t\t<div class=\"elementor-widget-container\">\n\t\t\t\t\t\t\t\t\t<p data-start=\"129\" data-end=\"525\">Transformamos tu espacio de trabajo para hacerlo m\u00e1s eficiente y moderno. Nuestro equipo se encarga de cada detalle, desde el dise\u00f1o inicial hasta la ejecuci\u00f3n final, asegurando que cada reforma se adapte perfectamente a las necesidades de tu negocio. Sabemos lo importante que es contar con un entorno funcional que facilite el d\u00eda a d\u00eda y potencie la productividad.<\/p><p data-start=\"527\" data-end=\"908\">Trabajamos con materiales de alta calidad y t\u00e9cnicas actualizadas para garantizar resultados duraderos y est\u00e9ticamente atractivos. Nuestro compromiso es minimizar las molestias durante el proceso y entregarte un espacio renovado que cumpla con todas tus expectativas. Conf\u00eda en nosotros para darle un nuevo impulso a tu negocio con una reforma integral profesional y personalizada.<\/p>\t\t\t\t\t\t\t\t<\/div>\n\t\t\t\t<\/div>\n\t\t<div class=\"elementor-element elementor-element-89665b6 e-con-full e-flex e-con e-child\" data-id=\"89665b6\" data-element_type=\"container\" data-e-type=\"container\">\n\t\t<div class=\"elementor-element elementor-element-a1b901f e-con-full e-flex e-con e-child\" data-id=\"a1b901f\" data-element_type=\"container\" data-e-type=\"container\">\n\t\t\t\t<div class=\"elementor-element elementor-element-3ead622 elementor-icon-list--layout-traditional elementor-list-item-link-full_width elementor-widget elementor-widget-icon-list\" data-id=\"3ead622\" data-element_type=\"widget\" data-e-type=\"widget\" data-widget_type=\"icon-list.default\">\n\t\t\t\t<div class=\"elementor-widget-container\">\n\t\t\t\t\t\t\t<ul class=\"elementor-icon-list-items\">\n\t\t\t\t\t\t\t<li class=\"elementor-icon-list-item\">\n\t\t\t\t\t\t\t\t\t\t\t<span class=\"elementor-icon-list-icon\">\n\t\t\t\t\t\t\t<svg aria-hidden=\"true\" class=\"e-font-icon-svg e-fas-minus\" viewBox=\"0 0 448 512\" xmlns=\"http:\/\/www.w3.org\/2000\/svg\"><path d=\"M416 208H32c-17.67 0-32 14.33-32 32v32c0 17.67 14.33 32 32 32h384c17.67 0 32-14.33 32-32v-32c0-17.67-14.33-32-32-32z\"><\/path><\/svg>\t\t\t\t\t\t<\/span>\n\t\t\t\t\t\t\t\t\t\t<span class=\"elementor-icon-list-text\">Dise\u00f1o personalizado<\/span>\n\t\t\t\t\t\t\t\t\t<\/li>\n\t\t\t\t\t\t\t\t<li class=\"elementor-icon-list-item\">\n\t\t\t\t\t\t\t\t\t\t\t<span class=\"elementor-icon-list-icon\">\n\t\t\t\t\t\t\t<svg aria-hidden=\"true\" class=\"e-font-icon-svg e-fas-minus\" viewBox=\"0 0 448 512\" xmlns=\"http:\/\/www.w3.org\/2000\/svg\"><path d=\"M416 208H32c-17.67 0-32 14.33-32 32v32c0 17.67 14.33 32 32 32h384c17.67 0 32-14.33 32-32v-32c0-17.67-14.33-32-32-32z\"><\/path><\/svg>\t\t\t\t\t\t<\/span>\n\t\t\t\t\t\t\t\t\t\t<span class=\"elementor-icon-list-text\">Calidad garantizada<\/span>\n\t\t\t\t\t\t\t\t\t<\/li>\n\t\t\t\t\t\t\t\t<li class=\"elementor-icon-list-item\">\n\t\t\t\t\t\t\t\t\t\t\t<span class=\"elementor-icon-list-icon\">\n\t\t\t\t\t\t\t<svg aria-hidden=\"true\" class=\"e-font-icon-svg e-fas-minus\" viewBox=\"0 0 448 512\" xmlns=\"http:\/\/www.w3.org\/2000\/svg\"><path d=\"M416 208H32c-17.67 0-32 14.33-32 32v32c0 17.67 14.33 32 32 32h384c17.67 0 32-14.33 32-32v-32c0-17.67-14.33-32-32-32z\"><\/path><\/svg>\t\t\t\t\t\t<\/span>\n\t\t\t\t\t\t\t\t\t\t<span class=\"elementor-icon-list-text\">Gesti\u00f3n integral<\/span>\n\t\t\t\t\t\t\t\t\t<\/li>\n\t\t\t\t\t\t\t\t<li class=\"elementor-icon-list-item\">\n\t\t\t\t\t\t\t\t\t\t\t<span class=\"elementor-icon-list-icon\">\n\t\t\t\t\t\t\t<svg aria-hidden=\"true\" class=\"e-font-icon-svg e-fas-minus\" viewBox=\"0 0 448 512\" xmlns=\"http:\/\/www.w3.org\/2000\/svg\"><path d=\"M416 208H32c-17.67 0-32 14.33-32 32v32c0 17.67 14.33 32 32 32h384c17.67 0 32-14.33 32-32v-32c0-17.67-14.33-32-32-32z\"><\/path><\/svg>\t\t\t\t\t\t<\/span>\n\t\t\t\t\t\t\t\t\t\t<span class=\"elementor-icon-list-text\">Minimizaci\u00f3n de tiempos<\/span>\n\t\t\t\t\t\t\t\t\t<\/li>\n\t\t\t\t\t\t<\/ul>\n\t\t\t\t\t\t<\/div>\n\t\t\t\t<\/div>\n\t\t\t\t<\/div>\n\t\t<div class=\"elementor-element elementor-element-8263f23 e-con-full e-flex e-con e-child\" data-id=\"8263f23\" data-element_type=\"container\" data-e-type=\"container\">\n\t\t\t\t<div class=\"elementor-element elementor-element-409976a elementor-icon-list--layout-traditional elementor-list-item-link-full_width elementor-widget elementor-widget-icon-list\" data-id=\"409976a\" data-element_type=\"widget\" data-e-type=\"widget\" data-widget_type=\"icon-list.default\">\n\t\t\t\t<div class=\"elementor-widget-container\">\n\t\t\t\t\t\t\t<ul class=\"elementor-icon-list-items\">\n\t\t\t\t\t\t\t<li class=\"elementor-icon-list-item\">\n\t\t\t\t\t\t\t\t\t\t\t<span class=\"elementor-icon-list-icon\">\n\t\t\t\t\t\t\t<svg aria-hidden=\"true\" class=\"e-font-icon-svg e-fas-minus\" viewBox=\"0 0 448 512\" xmlns=\"http:\/\/www.w3.org\/2000\/svg\"><path d=\"M416 208H32c-17.67 0-32 14.33-32 32v32c0 17.67 14.33 32 32 32h384c17.67 0 32-14.33 32-32v-32c0-17.67-14.33-32-32-32z\"><\/path><\/svg>\t\t\t\t\t\t<\/span>\n\t\t\t\t\t\t\t\t\t\t<span class=\"elementor-icon-list-text\">Montajes completos<\/span>\n\t\t\t\t\t\t\t\t\t<\/li>\n\t\t\t\t\t\t\t\t<li class=\"elementor-icon-list-item\">\n\t\t\t\t\t\t\t\t\t\t\t<span class=\"elementor-icon-list-icon\">\n\t\t\t\t\t\t\t<svg aria-hidden=\"true\" class=\"e-font-icon-svg e-fas-minus\" viewBox=\"0 0 448 512\" xmlns=\"http:\/\/www.w3.org\/2000\/svg\"><path d=\"M416 208H32c-17.67 0-32 14.33-32 32v32c0 17.67 14.33 32 32 32h384c17.67 0 32-14.33 32-32v-32c0-17.67-14.33-32-32-32z\"><\/path><\/svg>\t\t\t\t\t\t<\/span>\n\t\t\t\t\t\t\t\t\t\t<span class=\"elementor-icon-list-text\">Equipo especializado<\/span>\n\t\t\t\t\t\t\t\t\t<\/li>\n\t\t\t\t\t\t\t\t<li class=\"elementor-icon-list-item\">\n\t\t\t\t\t\t\t\t\t\t\t<span class=\"elementor-icon-list-icon\">\n\t\t\t\t\t\t\t<svg aria-hidden=\"true\" class=\"e-font-icon-svg e-fas-minus\" viewBox=\"0 0 448 512\" xmlns=\"http:\/\/www.w3.org\/2000\/svg\"><path d=\"M416 208H32c-17.67 0-32 14.33-32 32v32c0 17.67 14.33 32 32 32h384c17.67 0 32-14.33 32-32v-32c0-17.67-14.33-32-32-32z\"><\/path><\/svg>\t\t\t\t\t\t<\/span>\n\t\t\t\t\t\t\t\t\t\t<span class=\"elementor-icon-list-text\">Atenci\u00f3n personalizada<\/span>\n\t\t\t\t\t\t\t\t\t<\/li>\n\t\t\t\t\t\t<\/ul>\n\t\t\t\t\t\t<\/div>\n\t\t\t\t<\/div>\n\t\t\t\t<\/div>\n\t\t\t\t<\/div>\n\t\t\t\t<\/div>\n\t\t<div class=\"elementor-element elementor-element-7ec46b2 e-con-full e-flex e-con e-child\" data-id=\"7ec46b2\" data-element_type=\"container\" data-e-type=\"container\">\n\t\t<div class=\"elementor-element elementor-element-9680a24 e-con-full e-flex e-con e-child\" data-id=\"9680a24\" data-element_type=\"container\" data-e-type=\"container\" data-settings=\"{&quot;background_background&quot;:&quot;classic&quot;,&quot;sticky&quot;:&quot;top&quot;,&quot;sticky_on&quot;:[&quot;desktop&quot;,&quot;tablet&quot;],&quot;sticky_parent&quot;:&quot;yes&quot;,&quot;sticky_offset&quot;:0,&quot;sticky_effects_offset&quot;:0,&quot;sticky_anchor_link_offset&quot;:0}\">\n\t\t\t\t<div class=\"elementor-element elementor-element-efdcf33 elementor-widget elementor-widget-heading\" data-id=\"efdcf33\" data-element_type=\"widget\" data-e-type=\"widget\" data-widget_type=\"heading.default\">\n\t\t\t\t<div class=\"elementor-widget-container\">\n\t\t\t\t\t<span class=\"elementor-heading-title elementor-size-default\">\ud83d\udcf1<\/span>\t\t\t\t<\/div>\n\t\t\t\t<\/div>\n\t\t\t\t<div class=\"elementor-element elementor-element-eba3063 elementor-widget elementor-widget-heading\" data-id=\"eba3063\" data-element_type=\"widget\" data-e-type=\"widget\" data-widget_type=\"heading.default\">\n\t\t\t\t<div class=\"elementor-widget-container\">\n\t\t\t\t\t<span class=\"elementor-heading-title elementor-size-default\">\ud83d\udce7 seteho3y3@gmail.com<\/span>\t\t\t\t<\/div>\n\t\t\t\t<\/div>\n\t\t\t\t<\/div>\n\t\t\t\t<\/div>\n\t\t\t\t\t<\/div>\n\t\t\t\t<\/div>\n\t\t\t\t<\/div>\n\t\t","protected":false},"excerpt":{"rendered":"<p>Transformamos tu espacio de trabajo para hacerlo m\u00e1s eficiente y moderno. Nuestro equipo se encarga de cada detalle, desde el dise\u00f1o inicial hasta la ejecuci\u00f3n final, asegurando que cada reforma se adapte perfectamente a las necesidades de tu negocio. Sabemos lo importante que es contar con un entorno funcional que facilite el d\u00eda a d\u00eda [&hellip;]<\/p>\n","protected":false},"author":7,"featured_media":0,"parent":0,"menu_order":0,"comment_status":"closed","ping_status":"closed","template":"elementor_header_footer","meta":{"_joinchat":[],"footnotes":""},"class_list":["post-354","page","type-page","status-publish","hentry"],"yoast_head":"<!-- This site is optimized with the Yoast SEO plugin v27.2 - https:\/\/yoast.com\/product\/yoast-seo-wordpress\/ -->\n<title>Reformas integrales - CMDC<\/title>\n<meta name=\"robots\" content=\"index, follow, max-snippet:-1, max-image-preview:large, max-video-preview:-1\" \/>\n<link rel=\"canonical\" href=\"https:\/\/seteho.es\/en\/reformas-integrales\/\" \/>\n<meta property=\"og:locale\" content=\"en_GB\" \/>\n<meta property=\"og:type\" content=\"article\" \/>\n<meta property=\"og:title\" content=\"Reformas integrales - CMDC\" \/>\n<meta property=\"og:description\" content=\"Transformamos tu espacio de trabajo para hacerlo m\u00e1s eficiente y moderno. Nuestro equipo se encarga de cada detalle, desde el dise\u00f1o inicial hasta la ejecuci\u00f3n final, asegurando que cada reforma se adapte perfectamente a las necesidades de tu negocio. Sabemos lo importante que es contar con un entorno funcional que facilite el d\u00eda a d\u00eda [&hellip;]\" \/>\n<meta property=\"og:url\" content=\"https:\/\/seteho.es\/en\/reformas-integrales\/\" \/>\n<meta property=\"og:site_name\" content=\"CMDC\" \/>\n<meta property=\"article:modified_time\" content=\"2025-06-03T08:30:44+00:00\" \/>\n<meta property=\"og:image\" content=\"https:\/\/seteho.es\/wp-content\/uploads\/2025\/05\/services-detail-image.jpg\" \/>\n<meta name=\"twitter:card\" content=\"summary_large_image\" \/>\n<meta name=\"twitter:label1\" content=\"Estimated reading time\" \/>\n\t<meta name=\"twitter:data1\" content=\"1 minute\" \/>\n<script type=\"application\/ld+json\" class=\"yoast-schema-graph\">{\"@context\":\"https:\/\/schema.org\",\"@graph\":[{\"@type\":\"WebPage\",\"@id\":\"https:\/\/seteho.es\/reformas-integrales\/\",\"url\":\"https:\/\/seteho.es\/reformas-integrales\/\",\"name\":\"Reformas integrales - CMDC\",\"isPartOf\":{\"@id\":\"https:\/\/seteho.es\/#website\"},\"primaryImageOfPage\":{\"@id\":\"https:\/\/seteho.es\/reformas-integrales\/#primaryimage\"},\"image\":{\"@id\":\"https:\/\/seteho.es\/reformas-integrales\/#primaryimage\"},\"thumbnailUrl\":\"https:\/\/seteho.es\/wp-content\/uploads\/2025\/05\/services-detail-image.jpg\",\"datePublished\":\"2025-05-27T07:45:24+00:00\",\"dateModified\":\"2025-06-03T08:30:44+00:00\",\"breadcrumb\":{\"@id\":\"https:\/\/seteho.es\/reformas-integrales\/#breadcrumb\"},\"inLanguage\":\"en-GB\",\"potentialAction\":[{\"@type\":\"ReadAction\",\"target\":[\"https:\/\/seteho.es\/reformas-integrales\/\"]}]},{\"@type\":\"ImageObject\",\"inLanguage\":\"en-GB\",\"@id\":\"https:\/\/seteho.es\/reformas-integrales\/#primaryimage\",\"url\":\"https:\/\/seteho.es\/wp-content\/uploads\/2025\/05\/services-detail-image.jpg\",\"contentUrl\":\"https:\/\/seteho.es\/wp-content\/uploads\/2025\/05\/services-detail-image.jpg\"},{\"@type\":\"BreadcrumbList\",\"@id\":\"https:\/\/seteho.es\/reformas-integrales\/#breadcrumb\",\"itemListElement\":[{\"@type\":\"ListItem\",\"position\":1,\"name\":\"Portada\",\"item\":\"https:\/\/seteho.es\/\"},{\"@type\":\"ListItem\",\"position\":2,\"name\":\"Reformas integrales\"}]},{\"@type\":\"WebSite\",\"@id\":\"https:\/\/seteho.es\/#website\",\"url\":\"https:\/\/seteho.es\/\",\"name\":\"CMDC\",\"description\":\"\",\"potentialAction\":[{\"@type\":\"SearchAction\",\"target\":{\"@type\":\"EntryPoint\",\"urlTemplate\":\"https:\/\/seteho.es\/?s={search_term_string}\"},\"query-input\":{\"@type\":\"PropertyValueSpecification\",\"valueRequired\":true,\"valueName\":\"search_term_string\"}}],\"inLanguage\":\"en-GB\"}]}<\/script>\n<!-- \/ Yoast SEO plugin. -->","yoast_head_json":{"title":"Reformas integrales - CMDC","robots":{"index":"index","follow":"follow","max-snippet":"max-snippet:-1","max-image-preview":"max-image-preview:large","max-video-preview":"max-video-preview:-1"},"canonical":"https:\/\/seteho.es\/en\/reformas-integrales\/","og_locale":"en_GB","og_type":"article","og_title":"Reformas integrales - CMDC","og_description":"Transformamos tu espacio de trabajo para hacerlo m\u00e1s eficiente y moderno. Nuestro equipo se encarga de cada detalle, desde el dise\u00f1o inicial hasta la ejecuci\u00f3n final, asegurando que cada reforma se adapte perfectamente a las necesidades de tu negocio. Sabemos lo importante que es contar con un entorno funcional que facilite el d\u00eda a d\u00eda [&hellip;]","og_url":"https:\/\/seteho.es\/en\/reformas-integrales\/","og_site_name":"CMDC","article_modified_time":"2025-06-03T08:30:44+00:00","og_image":[{"url":"https:\/\/seteho.es\/wp-content\/uploads\/2025\/05\/services-detail-image.jpg","type":"","width":"","height":""}],"twitter_card":"summary_large_image","twitter_misc":{"Estimated reading time":"1 minute"},"schema":{"@context":"https:\/\/schema.org","@graph":[{"@type":"WebPage","@id":"https:\/\/seteho.es\/reformas-integrales\/","url":"https:\/\/seteho.es\/reformas-integrales\/","name":"Reformas integrales - CMDC","isPartOf":{"@id":"https:\/\/seteho.es\/#website"},"primaryImageOfPage":{"@id":"https:\/\/seteho.es\/reformas-integrales\/#primaryimage"},"image":{"@id":"https:\/\/seteho.es\/reformas-integrales\/#primaryimage"},"thumbnailUrl":"https:\/\/seteho.es\/wp-content\/uploads\/2025\/05\/services-detail-image.jpg","datePublished":"2025-05-27T07:45:24+00:00","dateModified":"2025-06-03T08:30:44+00:00","breadcrumb":{"@id":"https:\/\/seteho.es\/reformas-integrales\/#breadcrumb"},"inLanguage":"en-GB","potentialAction":[{"@type":"ReadAction","target":["https:\/\/seteho.es\/reformas-integrales\/"]}]},{"@type":"ImageObject","inLanguage":"en-GB","@id":"https:\/\/seteho.es\/reformas-integrales\/#primaryimage","url":"https:\/\/seteho.es\/wp-content\/uploads\/2025\/05\/services-detail-image.jpg","contentUrl":"https:\/\/seteho.es\/wp-content\/uploads\/2025\/05\/services-detail-image.jpg"},{"@type":"BreadcrumbList","@id":"https:\/\/seteho.es\/reformas-integrales\/#breadcrumb","itemListElement":[{"@type":"ListItem","position":1,"name":"Portada","item":"https:\/\/seteho.es\/"},{"@type":"ListItem","position":2,"name":"Reformas integrales"}]},{"@type":"WebSite","@id":"https:\/\/seteho.es\/#website","url":"https:\/\/seteho.es\/","name":"CMDC","description":"","potentialAction":[{"@type":"SearchAction","target":{"@type":"EntryPoint","urlTemplate":"https:\/\/seteho.es\/?s={search_term_string}"},"query-input":{"@type":"PropertyValueSpecification","valueRequired":true,"valueName":"search_term_string"}}],"inLanguage":"en-GB"}]}},"_hostinger_reach_plugin_has_subscription_block":false,"_hostinger_reach_plugin_is_elementor":false,"_links":{"self":[{"href":"https:\/\/seteho.es\/en\/wp-json\/wp\/v2\/pages\/354","targetHints":{"allow":["GET"]}}],"collection":[{"href":"https:\/\/seteho.es\/en\/wp-json\/wp\/v2\/pages"}],"about":[{"href":"https:\/\/seteho.es\/en\/wp-json\/wp\/v2\/types\/page"}],"author":[{"embeddable":true,"href":"https:\/\/seteho.es\/en\/wp-json\/wp\/v2\/users\/7"}],"replies":[{"embeddable":true,"href":"https:\/\/seteho.es\/en\/wp-json\/wp\/v2\/comments?post=354"}],"version-history":[{"count":13,"href":"https:\/\/seteho.es\/en\/wp-json\/wp\/v2\/pages\/354\/revisions"}],"predecessor-version":[{"id":633,"href":"https:\/\/seteho.es\/en\/wp-json\/wp\/v2\/pages\/354\/revisions\/633"}],"wp:attachment":[{"href":"https:\/\/seteho.es\/en\/wp-json\/wp\/v2\/media?parent=354"}],"curies":[{"name":"wp","href":"https:\/\/api.w.org\/{rel}","templated":true}]}}